{"id":3,"date":"2022-02-11T20:57:36","date_gmt":"2022-02-11T20:57:36","guid":{"rendered":"https:\/\/altaproteccion.com.mx\/?page_id=3"},"modified":"2023-02-11T18:31:48","modified_gmt":"2023-02-11T18:31:48","slug":"privacy-policy","status":"publish","type":"page","link":"https:\/\/altaproteccion.com.mx\/en\/privacy-policy\/","title":{"rendered":"Pol\u00edtica de Privacidad"},"content":{"rendered":"<p><strong>ALTAMIRA SERVICIOS DE PROTECCION. S.A. DE C.V.<\/strong> declara ser una empresa legalmente constituida de conformidad con las leyes mexicanas, con domicilio fiscal y oficina central ubicado en Avenida Desarrollo Textil n\u00famero 3000, CP.89602 Santa Amalia, Altamira, Tamaulipas, tel\u00e9fono (833) 568 70 69 y correo electr\u00f3nico: <a href=\"mailto:contacto@altaproteccion.com.mx\">contacto@altaproteccion.com.mx<\/a> y de acuerdo &nbsp;con lo previsto en Ley Federal de Protecci\u00f3n de Datos Personales en Posesi\u00f3n de los Particulares y de su Reglamento, pone a su disposici\u00f3n el presente aviso de privacidad, en virtud de los datos personales que se pretenden recabar de Usted como titular de los mismos.<\/p>\n\n\n\n<p>Es necesaria la recopilaci\u00f3n de ciertos datos personales, lo anterior para llevar a cabo las actividades intr\u00ednsecas a su objeto social, por lo que tiene la obligaci\u00f3n legal y social de cumplir con las medidas legales y de seguridad suficientes para proteger aquellos datos personales que haya recabado para las finalidades que en el presente aviso de privacidad ser\u00e1n descritas.<\/p>\n\n\n\n<p><strong>I. Finalidad del tratamiento de los datos personales.<\/strong><\/p>\n\n\n\n<p>ALTAMIRA SERVICIOS DE PROTECCION. S.A. DE C.V, para la consecuci\u00f3n de su objeto social, requiere prestar sus propios servicios a personas f\u00edsicas de las que se requiere datos personales y personas morales, de las que se requiere datos personales de sus representantes o accionistas para la celebraci\u00f3n de los contratos correspondientes. Dichos datos personales, ser\u00e1n tratados estrictamente para alcanzar las finalidades siguientes:<\/p>\n\n\n\n<p>\u25cf Proveer el servicio que solicite.<\/p>\n\n\n\n<p>\u25cf Dar cumplimiento a las obligaciones contractuales pactadas entre el Cliente y ALTAMIRA SERVICIOS DE PROTECCION. S.A. DE C.V.<\/p>\n\n\n\n<p>\u25cf La realizaci\u00f3n por parte de ALTAMIRA SERVICIOS DE PROTECCION. S.A. DE C.V de actividades propias, relacionadas y derivadas de su objeto social.<\/p>\n\n\n\n<p>\u25cf Cumplir con todas las obligaciones a cargo de ALTAMIRA SERVICIOS DE PROTECCION. S.A. DE C.V que le imponga la legislaci\u00f3n vigente.<\/p>\n\n\n\n<p>\u25cf Modificar, en su caso, los contratos se\u00f1alados.<\/p>\n\n\n\n<p>\u25cf Cualquier finalidad an\u00e1loga o compatible a las anteriores<\/p>\n\n\n\n<p><strong>&nbsp;Datos personales tratados<\/strong><\/p>\n\n\n\n<p>Para llevar a cabo las finalidades descritas en el presente aviso de privacidad, utilizaremos los siguientes datos personales:<\/p>\n\n\n\n<ul class=\"wp-block-list\">\n<li>Nombre y Apellido<\/li>\n\n\n\n<li>CURP<\/li>\n\n\n\n<li>Direcci\u00f3n<\/li>\n\n\n\n<li>Ciudad<\/li>\n\n\n\n<li>Estado<\/li>\n\n\n\n<li>Email<\/li>\n\n\n\n<li>N\u00famero telef\u00f3nico<\/li>\n\n\n\n<li>Informaci\u00f3n Financiera<\/li>\n\n\n\n<li>RFC<\/li>\n<\/ul>\n\n\n\n<p><strong><u>II<\/u><\/strong><strong>. Opciones y medios que ofrece <\/strong><strong>ALTAMIRA SERVICIOS DE PROTECCION. S.A. DE C.V<\/strong><strong> para limitar el uso o divulgaci\u00f3n de datos personales.<\/strong><\/p>\n\n\n\n<p>Con el objeto de limitar el uso o divulgaci\u00f3n de los datos personales, ALTAMIRA SERVICIOS DE PROTECCION. S.A. DE C.V resguarda dichos datos personales bajo programas de c\u00f3mputo con acceso limitado, \u00fanicamente a personas con facultades para ello. Por lo que respecta a documentos f\u00edsicos que contengan datos personales del Titular, ALTAMIRA SERVICIOS DE PROTECCION. S.A. DE C.V los resguarda en archivos bajo llave, a los cuales \u00fanicamente tiene acceso el personal con facultades para ello, utilizando todas y cada una de las medidas de seguridad que se establecen en la Ley Federal de Protecci\u00f3n de Datos Personales en Posesi\u00f3n de los Particulares y en su Reglamento.<\/p>\n\n\n\n<p>Los datos sensibles que afecten la parte personal del titular, o cuya utilizaci\u00f3n indebida pueda dar origen a discriminaci\u00f3n o conlleve un riesgo grave para \u00e9ste, en el presente aviso de privacidad se omite el uso de datos personales considerados como sensibles toda vez que nosotros NO recabamos datos sensibles.<\/p>\n\n\n\n<p><strong>III. Medios para ejercer los derechos ARCO (acceso, rectificaci\u00f3n, cancelaci\u00f3n u oposici\u00f3n).<\/strong><\/p>\n\n\n\n<p>El Titular de los datos personales podr\u00e1 ejercer sus derechos de acceso, rectificaci\u00f3n, cancelaci\u00f3n u oposici\u00f3n presentando una solicitud por escrito en t\u00e9rminos del art\u00edculo 29 de la Ley Federal de Protecci\u00f3n de Datos Personales en Posesi\u00f3n de los Particulares, en el propio domicilio de ALTAMIRA SERVICIOS DE PROTECCION. S.A. DE C.V, dirigida al \u00c1rea Comercial, a trav\u00e9s de la cual se le dar\u00e1 tr\u00e1mite a la solicitud o la misma podr\u00e1 ser dirigida a la siguiente direcci\u00f3n de correo electr\u00f3nico:&nbsp;<a href=\"mailto:contacto@altaproteccion.com.mx\">contacto@altaproteccion.com.mx<\/a><\/p>\n\n\n\n<p>Su solicitud deber\u00e1 contener la siguiente informaci\u00f3n: Nombre del titular de los datos personales, Domicilio o cualquier otro medio de contacto, Documentos que acrediten su personalidad e identidad, La descripci\u00f3n clara y precisa de los datos personales. Cualquier otro documento que facilite la localizaci\u00f3n de los datos.<\/p>\n\n\n\n<p>ALTAMIRA SERVICIOS DE PROTECCION. S.A. DE C.V comunicar\u00e1 al Titular de los datos , en el domicilio de este \u00faltimo o a trav\u00e9s de correo electr\u00f3nico, en un plazo m\u00e1ximo de 20 (veinte) d\u00edas, prorrogables en t\u00e9rminos de ley, contados a partir de la fecha de recepci\u00f3n de la solicitud, la determinaci\u00f3n adoptada, para todos los efectos legales a que hubiere lugar.<\/p>\n\n\n\n<p><strong>IV Opciones y medios para ejercer los derechos de limitar el uso o divulgaci\u00f3n de los datos y mecanismos<\/strong><\/p>\n\n\n\n<p>Usted tambi\u00e9n podr\u00e1 en cualquier momento: optar por limitar el uso o divulgaci\u00f3n de sus datos personales, en la inteligencia que todo tratamiento de datos personales estar\u00e1 sujeto al consentimiento de su titular, salvo las excepciones previstas por la Ley.<\/p>\n\n\n\n<p>Con objeto de que usted pueda limitar el uso y divulgaci\u00f3n de su informaci\u00f3n personal, usted podr\u00e1 registrarse en el listado de exclusi\u00f3n \u201cListado de Exclusi\u00f3n\u201d, a fin de que sus datos personales no sean tratados para fines mercadot\u00e9cnicos, publicitarios o de prospecci\u00f3n comercial por nuestra parte. Para m\u00e1s informaci\u00f3n favor de ponerse en contacto con nuestro Departamento Comercial responsable del manejo de datos personales.<\/p>\n\n\n\n<p><strong>V. Periodo de retenci\u00f3n de la informaci\u00f3n personal<\/strong><\/p>\n\n\n\n<p>Le informamos que retenemos su informaci\u00f3n personal por el tiempo necesario para proporcionar cualquier servicio y cumplir con los prop\u00f3sitos establecidos en el presente aviso de privacidad. Para determinar el periodo de retenci\u00f3n apropiado para su informaci\u00f3n personal tomamos en cuenta la cantidad, naturaleza y sensibilidad de la informaci\u00f3n personal, el riesgo potencial de da\u00f1o por uso o revelaci\u00f3n no autorizada de dicha informaci\u00f3n personal, el prop\u00f3sito para el cual procesamos su informaci\u00f3n personal y si tenemos otras alternativas para cumplir con dichos prop\u00f3sitos. Despu\u00e9s de dicho periodo de retenci\u00f3n sus datos personales ser\u00e1n borrados, a menos que sea razonablemente necesario retenerlos para cumplir con nuestras obligaciones legales (incluyendo solicitudes u \u00f3rdenes de cualquier autoridad), para cumplir con requisitos regulatorios, para resolver disputas, por razones de seguridad, para prevenir y evitar fraudes u otros actos il\u00edcitos, para cumplir con solicitudes adicionales suyas o para hacer cumplir cualesquiera t\u00e9rminos de uso de nuestras plataformas, pol\u00edticas u otros documentos legales seg\u00fan corresponda.<\/p>\n\n\n\n<p><strong>VI. Cookies y protocolo de seguridad en l\u00ednea:<\/strong><\/p>\n\n\n\n<p>\u00abCookie\u00bb significa un archivo de datos que se almacena en el disco duro de la computadora del usuario cuando \u00e9ste tiene acceso a la p\u00e1gina de Internet. Dichos archivos pueden contener informaci\u00f3n tal como la identificaci\u00f3n proporcionada por el usuario o informaci\u00f3n para rastrear las p\u00e1ginas que el usuario ha visitado. Una cookie no puede leer los datos o informaci\u00f3n del disco duro del Usuario ni leer las cookies creadas por otros sitios o p\u00e1ginas.<\/p>\n\n\n\n<p><strong>VII. Procedimiento y medio por el cual se comunicar\u00e1 de cambios al aviso de privacidad:<\/strong><\/p>\n\n\n\n<p>El presente aviso de privacidad puede sufrir modificaciones, cambios o actualizaciones derivadas de nuevos requerimientos legales, regulatorias o jurisprudenciales; de nuestras propias necesidades por los servicios o productos que ofrecemos; de nuestras pr\u00e1cticas de privacidad; de cambios en nuestro modelo de negocio, pol\u00edticas internas, pr\u00e1cticas del mercado o por otras causas,<\/p>\n\n\n\n<p>Nos comprometemos a mantenerlo informado sobre los cambios que pueda sufrir el presente aviso de privacidad, cualquier cambio que se realice a este, ser\u00e1 incorporado al mismo por las responsables y ser\u00e1 dado a conocer a trav\u00e9s de nuestra p\u00e1gina de Internet: www.altaproteccion.com.mx<\/p>\n\n\n\n<p><strong>VIII. Informaci\u00f3n sobre el INAI<\/strong><\/p>\n\n\n\n<p>Si usted considera que su derecho a la protecci\u00f3n de sus datos personales ha sido lesionado por alguna conducta u omisi\u00f3n de nuestra parte, o presume alguna violaci\u00f3n a las disposiciones previstas en la Ley, podr\u00e1 interponer su inconformidad o denuncia ante el Instituto Nacional de Transparencia, Acceso a la Informaci\u00f3n y Protecci\u00f3n de Datos Personales (INAI). Para m\u00e1s informaci\u00f3n, le sugerimos visitar su p\u00e1gina oficial de Internet www.inai.org.mx.<\/p>","protected":false},"excerpt":{"rendered":"<p>ALTAMIRA SERVICIOS DE PROTECCION. S.A. DE C.V. declara ser una empresa legalmente constituida de conformidad con las leyes mexicanas, con domicilio fiscal y oficina central ubicado en Avenida Desarrollo Textil n\u00famero 3000, CP.89602 Santa Amalia, Altamira, Tamaulipas, tel\u00e9fono (833) 568 70 69 y correo electr\u00f3nico: contacto@altaproteccion.com.mx y de acuerdo &nbsp;con lo previsto en Ley Federal [&hellip;]<\/p>\n","protected":false},"author":2,"featured_media":0,"parent":0,"menu_order":0,"comment_status":"closed","ping_status":"open","template":"","meta":{"footnotes":""},"class_list":["post-3","page","type-page","status-publish","hentry"],"_links":{"self":[{"href":"https:\/\/altaproteccion.com.mx\/en\/wp-json\/wp\/v2\/pages\/3","targetHints":{"allow":["GET"]}}],"collection":[{"href":"https:\/\/altaproteccion.com.mx\/en\/wp-json\/wp\/v2\/pages"}],"about":[{"href":"https:\/\/altaproteccion.com.mx\/en\/wp-json\/wp\/v2\/types\/page"}],"author":[{"embeddable":true,"href":"https:\/\/altaproteccion.com.mx\/en\/wp-json\/wp\/v2\/users\/2"}],"replies":[{"embeddable":true,"href":"https:\/\/altaproteccion.com.mx\/en\/wp-json\/wp\/v2\/comments?post=3"}],"version-history":[{"count":2,"href":"https:\/\/altaproteccion.com.mx\/en\/wp-json\/wp\/v2\/pages\/3\/revisions"}],"predecessor-version":[{"id":747,"href":"https:\/\/altaproteccion.com.mx\/en\/wp-json\/wp\/v2\/pages\/3\/revisions\/747"}],"wp:attachment":[{"href":"https:\/\/altaproteccion.com.mx\/en\/wp-json\/wp\/v2\/media?parent=3"}],"curies":[{"name":"wp","href":"https:\/\/api.w.org\/{rel}","templated":true}]}}